{"id":476,"date":"2017-02-01T19:18:49","date_gmt":"2017-02-01T19:18:49","guid":{"rendered":"http:\/\/big-valley-sunshine-ranch.de\/?page_id=476"},"modified":"2019-04-18T13:03:27","modified_gmt":"2019-04-18T13:03:27","slug":"gedanken-zu","status":"publish","type":"page","link":"https:\/\/big-valley-sunshine-ranch.de\/?page_id=476","title":{"rendered":"Und die Moral von der Geschicht&#8217;&#8230;"},"content":{"rendered":"<p><span style=\"color: #000000;\">Hier m\u00f6chte ich euch gern an meinen ganz pers\u00f6nlichen Anekdoten in 40 Jahren mit Pferden teilhaben lassen. Es sind alles Geschichten, die ich genau so wie ich sie aufschreibe erlebt habe. Sie haben mein Tun und Denken in Bezug auf Pferde ma\u00dfgeblich beeinflu\u00dft, und mir die Richtung gegeben, die ich heute habe.<\/span><\/p>\n<p><span style=\"color: #993300;\"><strong>DAS IST SCH\u00d6N ! &#8211; ABER ZU ANSTRENGEND&#8230;!<\/strong><\/span><\/p>\n<p><span style=\"color: #000000;\">Da ich Vielen vor Allem als Westernreiterin bekannt war (oder noch bin, wei\u00df ich nicht \ud83d\ude09\u00a0 ), wurde ich eines Tages in einem klassisch &#8211; englischen Reitstall von einer wohl ziemlich verzweifelten Pferdebesitzerin gefragt, ob ich denn mal ihr Pferd reiten w\u00fcrde. Nur mal so zum gucken, weil dieses Pferd vor seinem Besitzerwechsel wohl eine Westernausbildung genossen hatte. Und ausserdem gab es da dieses Problem, dass\u00a0Herr Pferd\u00a0immer aus dem Nichts, ohne ersichtlichen Grund, losst\u00fcrmte und nicht mehr zu bremsen war. Ich denke, die Besitzerin muss\u00a0wirklich ratlos gewesen sein, dass sie mich gefragt hat, da ich in diesem Stall eher ein &#8222;Alien&#8220; war, mit meiner Cowboyreiterei und diesen komischen Ansichten.. naja, egal <\/span><\/p>\n<p><span style=\"color: #000000;\">Klar, sagte ich, kann ich gern machen, mal gucken ob das stimmt, und was das Pferdchen denn eigentlich so Alles kann. Beim Treffen in der Halle ein paar Minuten sp\u00e4ter, fand ich ein ordentlich verschn\u00fcrtes Pferd vor, mit wachem, aber meiner Meinung nach gequ\u00e4ltem Blick. Das erste was ich tat: ich l\u00f6ste und entfernte zuersteinmal alle mir \u00fcberfl\u00fcssig erscheinenden Lederstrippen &#8211;\u00a0ich glaube es waren 2 verschiedene Hilfsz\u00fcgelpaare, die Namen kenne ich bis heute nicht &#8211;\u00a0inclusive des viel zu festen Sperriemens; den Nasenriemen schnallte ich 2 Loch weiter.<\/span><\/p>\n<p><span style=\"color: #000000;\">Die Umstehenden waren sichtlich erschrocken. Die Besitzerin sagte dann ganz vorsichtig, dass ich das doch nicht machen k\u00f6nne. Ich fragte warum. So h\u00e4tte ich\u00a0Herr Pferd\u00a0ja gar nicht unter Kontrolle wenn er durchgehen w\u00fcrde, war die Antwort. Ich gab zu Bedenken, dass ich ein Pferd ja schon vor dem eigentlichen Durchgehen schon nicht unter Kontrolle habe, sonst w\u00fcrde es ja erst gar nicht durchgehen. Auf die Frage ob mich diese ganzen Hilfsmittel zuverl\u00e4ssig davor sch\u00fctzen, dass Herr\u00a0Pferd nicht<\/span> <span style=\"color: #000000;\">durchgeht, kam ein Nein. Nun, dann brauche ich sie wohl auch nicht, sagte ich und ausserdem meinte ich, wo Herr Pferd denn auch schon hinrennen solle, hier, in der Halle. Ausser im Kreis herum kann er ja nicht weit rennen. Zugegeben, wenn ich das so lese finde ich es auch ein bi\u00dfchen leichtsinnig, aber was macht man nicht Alles in seinem &#8222;jugendlichen Leichtsinn&#8220;&#8230; .<\/span><\/p>\n<p><span style=\"color: #000000;\">Von einer Westernausbildung merkte ich nicht sonderlich viel &#8211; aber ich merkte wohl, dass ich auf einem Pulverfass sa\u00df&#8230;! \u00dcber bewu\u00dftes atmen, lockerlassen, in Ruhe lassen, viel loben und beruhigen konnte ich Herr Pferd aber immer mehr &#8222;zu mir holen&#8220;. Zum Schlu\u00df m\u00fcssen wir wohl ganz gut ausgesehen haben, weil auch die Besitzerin entspannt und leicht l\u00e4chelnd Herr Pferd beobachtete. Sie sagte sogar, so entspannt h\u00e4tte sie ihn noch nicht erlebt. Ein toller Erfolg! dachte ich, und forderte sie auf, jetzt selbst nochmal ein paar Runden zu drehen. Sehr unsicher sa\u00df sie auf. Nat\u00fcrlich \u00fcbertrug sich die Anspannung sofort auf Herr Pferd, so ging ich also besser neben den Beiden her, und versuchte ihr zu erkl\u00e4ren, was ich gemacht hatte und wo sie \u00fcberall locker lassen sollte, damit\u00a0Herr Pferd auch\u00a0unter ihr entspannt laufen konnte. Und siehe da, es klappte f\u00fcr meine Begriffe sogar ganz gut. Zum Schlu\u00df sa\u00df sie recht entspannt da oben drauf und bei Herr Pferd hatte man nicht mehr das Gef\u00fchl, dass er gleich kopflos durchstarten w\u00fcrde. Besser h\u00e4tte es wohl kaum noch laufen k\u00f6nnen, da sie dann auch l\u00e4chelnd absa\u00df.<\/span><\/p>\n<p><span style=\"color: #000000;\">Dann, nach ein paar Wortwechseln, kam der Schlag, mitten ins Gesicht \u2026<\/span><\/p>\n<p><span style=\"color: #000000;\">&#8222;Ja, das war echt sch\u00f6n, so ruhig ist er noch nie gelaufen. Aber ich m\u00f6chte das nicht so machen wie Du. Das ist mir zu anstrengend.&#8220;<\/span><\/p>\n<p><span style=\"color: #000000;\">Einige Zeit sp\u00e4ter h\u00f6rte ich, dass Herr Pferd nicht lange danach verkauft worden war &#8211; weil niemand mehr mit ihm zurecht kam&#8230;\u00a0 .<\/span><\/p>\n<p>&nbsp;<\/p>\n<p><span style=\"color: #993300;\"><strong>EM MATURITY CHAMPIONAT &#8211; AND THE WINNER IS&#8230;\u00a0<\/strong><\/span><\/p>\n<p><span style=\"color: #000000;\">Zu meiner noch aktiven Turnierreiter &#8211; Zeit hatten mein Nachwuchspferd &#8222;Dial A Smoke&#8220; und ich die Chance, an den Europameisterschaften der Paint Horses teilzunehmen. Nat\u00fcrlich habe ich mir das nicht nehmen lassen und wir fuhren hin. Und tats\u00e4chlich &#8211; wir errangen den Titel des Maturity Champions im Trail (eine Trailpr\u00fcfung nur f\u00fcr 6 &#8211; j\u00e4hrige Pferde)! Ganz ehrlich &#8211; ich war v\u00f6llig verwirrt. Ich fand unseren Ritt grauenhaft. Die Abst\u00e4nde zwischen den Hindernissen waren (nicht nur f\u00fcr uns&#8230;) viel zu eng bemessen, von langem Z\u00fcgel und leichten Hilfen waren wir (und die anderen Teilnehmer) meilenweit entfernt, die ganze Pr\u00fcfung war eine &#8222;Abfertigung&#8220;, also kein sch\u00f6nes Ambiente ( ich glaube, die Zeitplanung war v\u00f6llig durcheinander, da wir mit 6 Stunden Versp\u00e4tung die Pr\u00fcfung begannen&#8230;). <\/span><\/p>\n<p><span style=\"color: #000000;\">An dieses Turnier habe ich keinerlei sch\u00f6ne Erinnerungen, obwohl wir einen so tollen Titel mit nach Hause gebracht haben. Meine einzigste Erkl\u00e4rung daf\u00fcr ist, dass wir von all den grauenhaften Darbietungen dort wohl am Besten ausgesehen haben haben m\u00fcssen, vielleicht auf Grund der sch\u00f6n eingeflochtenen M\u00e4hne; oder die Richter waren einfach v\u00f6llig \u00fcberm\u00fcdet und wollten einfach nur fertig werden oder was auch immer&#8230;! An der gezeigten Leistung kann es meiner Meinung nach nie und nimmer gelegen haben. Ich bin keinesfalls stolz auf den gewonnenen Pokal, er ist f\u00fcr mich immer wenn ich ihn sehe ein riesengro\u00dfes Fragezeichen, und mittlerweile muss ich oft lachen \u00fcber diese ganze Geschichte, die ihn begleitet.<\/span><\/p>\n<p><span style=\"color: #000000;\">Also, was z\u00e4hlt ein Pokal? F\u00fcr mich Nichts, wenn man die Geschichte, die dazu geh\u00f6rt, nicht kennt. Kein Pokal und keine Schleife sagt durch den blo\u00dfen Besitz etwas \u00fcber die reiterlichen F\u00e4higkeiten oder erbrachte Leistungen aus. Sp\u00e4testens seit diesem Erlebnis haben diese Symbole f\u00fcr mich ihren Wert verloren &#8211; solange ich nicht ihre ganz eigene Geschichte kenne.<\/span><\/p>\n<p><span style=\"color: #000000;\">Trail Felix Warburg &#8211; bewertungen v\u00f6llig wertlos<\/span><\/p>\n<p>&nbsp;<\/p>\n<p>Lucky &#8211; initiator<\/p>\n<p>&nbsp;<\/p>\n<ul class=\"display-posts-listing\"><li class=\"listing-item\"><a class=\"title\" href=\"https:\/\/big-valley-sunshine-ranch.de\/?p=50\">Initiatoreffekt<\/a> <span class=\"date\">22. Februar 16<\/span> <span class=\"excerpt-dash\">-<\/span> <span class=\"excerpt\">Auf diese Bezeichnung bin ich gesto\u00dfen, nachdem ich eine zauberhafte Trainingseinheit mit &#8222;Lucky&#8220; erleben durfte. Dieses Erlebnis hat mich so stark ber\u00fchrt, dass sich beinahe mein gesamtes Weltbild ver\u00e4ndert hat \ud83d\ude09 . Hier erst einmal die Geschichte von diesem bewegenden Spaziergang: Lucky ist ein \u00e4u\u00dferst, ein hochsensibler!, junger Paso Fino, den ich ausbilden darf. Heute stand spazieren gehen auf dem Stundenplan. Gleich zu Anfang m\u00fcssen wir an einer sehr gef\u00e4hrlichen, gro\u00dfen Hecke vorbei marschieren \ud83d\ude09 Nachdem wir diese ersten 30 Meter \u00fcberlebt und erfolgreich hinter uns gelassen hatten, bot ich Lucky eine Pause an. Er nahm sie dankend an, war immernoch ein wenig nerv\u00f6s und<a class=\"more-link\" href=\"https:\/\/big-valley-sunshine-ranch.de\/?p=50\">Read More &rarr;<\/a><\/span><\/li><\/ul>\n","protected":false},"excerpt":{"rendered":"<p>Hier m\u00f6chte ich euch gern an meinen ganz pers\u00f6nlichen Anekdoten in 40 Jahren mit Pferden teilhaben lassen. Es sind alles Geschichten, die ich genau so wie ich sie aufschreibe erlebt habe. Sie haben mein Tun und Denken in Bezug auf Pferde ma\u00dfgeblich beeinflu\u00dft, und mir die Richtung gegeben, die ich heute habe. DAS IST SCH\u00d6N ! &#8211; ABER ZU ANSTRENGEND&#8230;! Da ich Vielen vor Allem als Westernreiterin bekannt war (oder noch bin, wei\u00df ich nicht \ud83d\ude09\u00a0 ), wurde ich eines Tages in einem klassisch &#8211; englischen Reitstall von einer wohl ziemlich verzweifelten Pferdebesitzerin gefragt, ob ich denn mal ihr Pferd reiten w\u00fcrde. Nur mal so<a class=\"more-link\" href=\"https:\/\/big-valley-sunshine-ranch.de\/?p=50\">Read More &rarr;<\/a><\/p>\n","protected":false},"author":2,"featured_media":0,"parent":0,"menu_order":0,"comment_status":"closed","ping_status":"closed","template":"","meta":[],"_links":{"self":[{"href":"https:\/\/big-valley-sunshine-ranch.de\/index.php?rest_route=\/wp\/v2\/pages\/476"}],"collection":[{"href":"https:\/\/big-valley-sunshine-ranch.de\/index.php?rest_route=\/wp\/v2\/pages"}],"about":[{"href":"https:\/\/big-valley-sunshine-ranch.de\/index.php?rest_route=\/wp\/v2\/types\/page"}],"author":[{"embeddable":true,"href":"https:\/\/big-valley-sunshine-ranch.de\/index.php?rest_route=\/wp\/v2\/users\/2"}],"replies":[{"embeddable":true,"href":"https:\/\/big-valley-sunshine-ranch.de\/index.php?rest_route=%2Fwp%2Fv2%2Fcomments&post=476"}],"version-history":[{"count":11,"href":"https:\/\/big-valley-sunshine-ranch.de\/index.php?rest_route=\/wp\/v2\/pages\/476\/revisions"}],"predecessor-version":[{"id":946,"href":"https:\/\/big-valley-sunshine-ranch.de\/index.php?rest_route=\/wp\/v2\/pages\/476\/revisions\/946"}],"wp:attachment":[{"href":"https:\/\/big-valley-sunshine-ranch.de\/index.php?rest_route=%2Fwp%2Fv2%2Fmedia&parent=476"}],"curies":[{"name":"wp","href":"https:\/\/api.w.org\/{rel}","templated":true}]}}