{"id":151,"date":"2016-03-02T19:37:07","date_gmt":"2016-03-02T19:37:07","guid":{"rendered":"http:\/\/big-valley-sunshine-ranch.de\/?page_id=151"},"modified":"2021-11-23T17:25:41","modified_gmt":"2021-11-23T17:25:41","slug":"schwerpunkte","status":"publish","type":"page","link":"http:\/\/big-valley-sunshine-ranch.de\/?page_id=151","title":{"rendered":"Philosophie"},"content":{"rendered":"\n<div class=\"wp-container-2 wp-block-columns\">\n<div class=\"wp-container-1 wp-block-column\" style=\"flex-basis:100%\">\n<div class=\"wp-block-image is-style-rounded\"><figure class=\"aligncenter is-resized\"><img fetchpriority=\"high\" src=\"http:\/\/big-valley-sunshine-ranch.de\/wp-content\/uploads\/2016\/03\/IMG-20160817-WA0008.jpg\" alt=\"\" class=\"wp-image-548\" width=\"436\" height=\"291\" srcset=\"http:\/\/big-valley-sunshine-ranch.de\/wp-content\/uploads\/2016\/03\/IMG-20160817-WA0008.jpg 1364w, http:\/\/big-valley-sunshine-ranch.de\/wp-content\/uploads\/2016\/03\/IMG-20160817-WA0008-300x200.jpg 300w, http:\/\/big-valley-sunshine-ranch.de\/wp-content\/uploads\/2016\/03\/IMG-20160817-WA0008-768x511.jpg 768w, http:\/\/big-valley-sunshine-ranch.de\/wp-content\/uploads\/2016\/03\/IMG-20160817-WA0008-1024x682.jpg 1024w, http:\/\/big-valley-sunshine-ranch.de\/wp-content\/uploads\/2016\/03\/IMG-20160817-WA0008-425x283.jpg 425w\" sizes=\"(max-width: 436px) 100vw, 436px\" \/><\/figure><\/div>\n<\/div>\n<\/div>\n\n\n\n<p class=\"has-normal-font-size\">Pferde sind uns ins jeglichen Lebensweisheiten um Lichtjahre voraus. Sie sind mit einer solchen interaktiven Intelligenz und Sensibilit\u00e4t ausgestattet, dass wir ihnen sicher oft recht dumm und plump erscheinen m\u00fcssen. Und doch sind sie uns so wohlgesonnen, immer bem\u00fcht, uns zu verstehen zu wollen, immer darauf aus, uns gefallen zu wollen &#8211; diese Aufgeschlossenheit, dieses Unvoreingenommene, diese grenzenlose Sanftmut ist das, was mich am Meisten fasziniert und fesselt. <\/p>\n\n\n\n<p class=\"has-normal-font-size\">Bei meiner Arbeit steht immer das Individuum Pferd an erster Stelle. Niemals wird man auslernen, sich einem Pferd auf so feine Art und Weise verst\u00e4ndlich zu machen, wie die Pferde es uns gegen\u00fcber in der Lage sind. Und so stellt sich mir immer wieder die Frage, wie kann ich im t\u00e4glichen Zusammensein so sensibel werden, dass wir uns ohne Hilfsmittel, oder gar Zwangmittel verst\u00e4ndigen k\u00f6nnen. Wie mache ich das, was ich von meinem Pferd w\u00fcnsche, ihm so einfach und angenehm wie m\u00f6glich, so dass es Spass an unserem Zusammensein hat?<\/p>\n\n\n\n<p class=\"has-normal-font-size\">Unter diesem Gesichtspunkt w\u00e4hle ich auch meine Ausr\u00fcstung und Hilfsmittel aus; so minimalistisch und sanft wie m\u00f6glich, pferdefreundlich sollen sie sein und zielgerichtet. Daher reite ich alle Pferde nur mit baumlosen S\u00e4tteln und ebenso nutze ich in der Ausbildung vornehmlich gebisslose Z\u00e4umungen.<\/p>\n\n\n\n<p class=\"has-normal-font-size\">Kompromisslose Selbstkritik ohne Selbstzweifel, wahre Demut und die Bereitschaft, eigene Fehler einzugestehen ohne sich daf\u00fcr zu sch\u00e4men, Geduld als Ausdruck f\u00fcr Liebe und einer anderen Zeitdimension, Sensibilit\u00e4t f\u00fcr die Bed\u00fcrfnisse Anderer, ohne zu viel Eigeninterpretation, sind nur ein kleiner Teil dessen, was mich die Pferde bis hierher gelehrt haben. Ich bin gespannt, was sie mir noch alles beibringen werden &#8230;&nbsp;&nbsp;&nbsp;&nbsp;&nbsp;&nbsp; \ud83d\ude09<\/p>\n\n\n\n<p>Philosophie Beitr\u00e4ge:<\/p>\n\n\n<ul class=\"display-posts-listing\"><li class=\"listing-item\"><a class=\"title\" href=\"http:\/\/big-valley-sunshine-ranch.de\/?p=284\">Augenfalten oder Sorgenfalten&#8230;?<\/a> <span class=\"date\">16. August 16<\/span> <span class=\"excerpt-dash\">-<\/span> <span class=\"excerpt\">Die Augen eines Pferdes k\u00f6nnen viel \u00fcber sein Befinden verraten. Es wird leider immernoch &nbsp;wissenschaftlich dar\u00fcber diskutiert, ob die Falten&hellip; <a class=\"excerpt-more\" href=\"http:\/\/big-valley-sunshine-ranch.de\/?p=284\">...weiterlesen<\/a><\/span><\/li><li class=\"listing-item\"><a class=\"title\" href=\"http:\/\/big-valley-sunshine-ranch.de\/?p=50\">Initiatoreffekt<\/a> <span class=\"date\">22. Februar 16<\/span> <span class=\"excerpt-dash\">-<\/span> <span class=\"excerpt\">Auf diese Bezeichnung bin ich gesto\u00dfen, nachdem ich eine zauberhafte Trainingseinheit mit \"Lucky\" erleben durfte. Dieses Erlebnis hat mich so&hellip; <a class=\"excerpt-more\" href=\"http:\/\/big-valley-sunshine-ranch.de\/?p=50\">...weiterlesen<\/a><\/span><\/li><\/ul>\n\n\n<div id=\"metaslider-id-500\" style=\"width: 100%;\" class=\"ml-slider-3-23-3 metaslider metaslider-flex metaslider-500 ml-slider\">\n    <div id=\"metaslider_container_500\">\n        <div id=\"metaslider_500\">\n            <ul aria-live=\"polite\" class=\"slides\">\n                <li style=\"display: block; width: 100%;\" class=\"slide-327 ms-image\"><img src=\"http:\/\/big-valley-sunshine-ranch.de\/wp-content\/uploads\/2016\/08\/paddock-3-e1485896735498-600x225.jpg\" height=\"225\" width=\"600\" alt=\"\" class=\"slider-500 slide-327\" \/><\/li>\n                <li style=\"display: none; width: 100%;\" class=\"slide-329 ms-image\"><img src=\"http:\/\/big-valley-sunshine-ranch.de\/wp-content\/uploads\/2016\/08\/paradies-e1475944788798-600x225.jpg\" height=\"225\" width=\"600\" alt=\"\" class=\"slider-500 slide-329\" \/><\/li>\n                <li style=\"display: none; width: 100%;\" class=\"slide-578 ms-image\"><img src=\"http:\/\/big-valley-sunshine-ranch.de\/wp-content\/uploads\/2017\/10\/20160816_123935-600x225.jpg\" height=\"225\" width=\"600\" alt=\"\" class=\"slider-500 slide-578\" \/><\/li>\n                <li style=\"display: none; width: 100%;\" class=\"slide-579 ms-image\"><img src=\"http:\/\/big-valley-sunshine-ranch.de\/wp-content\/uploads\/2017\/10\/DSC07460-600x225.jpg\" height=\"225\" width=\"600\" alt=\"\" class=\"slider-500 slide-579\" \/><\/li>\n                <li style=\"display: none; width: 100%;\" class=\"slide-580 ms-image\"><img src=\"http:\/\/big-valley-sunshine-ranch.de\/wp-content\/uploads\/2017\/10\/DSC07657-600x225.jpg\" height=\"225\" width=\"600\" alt=\"\" class=\"slider-500 slide-580\" \/><\/li>\n                <li style=\"display: none; width: 100%;\" class=\"slide-224 ms-image\"><img src=\"http:\/\/big-valley-sunshine-ranch.de\/wp-content\/uploads\/2016\/03\/saphir-600x225.jpg\" height=\"225\" width=\"600\" alt=\"\" class=\"slider-500 slide-224\" \/><\/li>\n                <li style=\"display: none; width: 100%;\" class=\"slide-338 ms-image\"><img src=\"http:\/\/big-valley-sunshine-ranch.de\/wp-content\/uploads\/2016\/08\/Arbeiten-mit-lucky-e1507475707986-600x225.jpg\" height=\"225\" width=\"600\" alt=\"\" class=\"slider-500 slide-338\" \/><\/li>\n            <\/ul>\n        <\/div>\n        \n    <\/div>\n<\/div>\n","protected":false},"excerpt":{"rendered":"<p>Pferde sind uns ins jeglichen Lebensweisheiten um Lichtjahre voraus. Sie sind mit einer solchen interaktiven Intelligenz und Sensibilit\u00e4t ausgestattet, dass wir ihnen sicher oft recht dumm und plump erscheinen m\u00fcssen. Und doch sind sie uns so wohlgesonnen, immer bem\u00fcht, uns zu verstehen zu wollen, immer darauf aus, uns gefallen zu wollen &#8211; diese Aufgeschlossenheit, dieses Unvoreingenommene, diese grenzenlose Sanftmut ist das, was mich am Meisten fasziniert und fesselt. Bei meiner Arbeit steht immer das Individuum Pferd an erster Stelle. Niemals wird man auslernen, sich einem Pferd auf so feine Art und Weise verst\u00e4ndlich zu machen, wie die Pferde es uns gegen\u00fcber in der Lage sind.<a class=\"more-link\" href=\"http:\/\/big-valley-sunshine-ranch.de\/?p=50\">Read More &rarr;<\/a><\/p>\n","protected":false},"author":1,"featured_media":0,"parent":0,"menu_order":0,"comment_status":"closed","ping_status":"closed","template":"","meta":[],"_links":{"self":[{"href":"http:\/\/big-valley-sunshine-ranch.de\/index.php?rest_route=\/wp\/v2\/pages\/151"}],"collection":[{"href":"http:\/\/big-valley-sunshine-ranch.de\/index.php?rest_route=\/wp\/v2\/pages"}],"about":[{"href":"http:\/\/big-valley-sunshine-ranch.de\/index.php?rest_route=\/wp\/v2\/types\/page"}],"author":[{"embeddable":true,"href":"http:\/\/big-valley-sunshine-ranch.de\/index.php?rest_route=\/wp\/v2\/users\/1"}],"replies":[{"embeddable":true,"href":"http:\/\/big-valley-sunshine-ranch.de\/index.php?rest_route=%2Fwp%2Fv2%2Fcomments&post=151"}],"version-history":[{"count":21,"href":"http:\/\/big-valley-sunshine-ranch.de\/index.php?rest_route=\/wp\/v2\/pages\/151\/revisions"}],"predecessor-version":[{"id":1093,"href":"http:\/\/big-valley-sunshine-ranch.de\/index.php?rest_route=\/wp\/v2\/pages\/151\/revisions\/1093"}],"wp:attachment":[{"href":"http:\/\/big-valley-sunshine-ranch.de\/index.php?rest_route=%2Fwp%2Fv2%2Fmedia&parent=151"}],"curies":[{"name":"wp","href":"https:\/\/api.w.org\/{rel}","templated":true}]}}